{"id":3033,"date":"2025-11-19T09:10:57","date_gmt":"2025-11-19T06:10:57","guid":{"rendered":"https:\/\/uat.upeventi.com\/artists-and-emotions\/"},"modified":"2026-04-08T16:41:21","modified_gmt":"2026-04-08T13:41:21","slug":"artists-and-emotions","status":"publish","type":"page","link":"https:\/\/upeventi.com\/en\/artists-and-emotions\/","title":{"rendered":"Artists and Emotions"},"content":{"rendered":"\t\t<div data-elementor-type=\"wp-page\" data-elementor-id=\"3033\" class=\"elementor elementor-3033 elementor-2978\" data-elementor-settings=\"{&quot;ha_cmc_init_switcher&quot;:&quot;no&quot;}\" data-elementor-post-type=\"page\">\n\t\t\t\t<div class=\"elementor-element elementor-element-5b3ec0c e-flex e-con-boxed jltma-glass-effect-no wpr-particle-no wpr-jarallax-no wpr-parallax-no wpr-sticky-section-no e-con e-parent\" data-id=\"5b3ec0c\" data-element_type=\"container\" data-e-type=\"container\" data-settings=\"{&quot;_ha_eqh_enable&quot;:false}\">\n\t\t\t\t\t<div class=\"e-con-inner\">\n\t\t\t\t<div class=\"elementor-element elementor-element-88429f6 jltma-glass-effect-no elementor-widget elementor-widget-spacer\" data-id=\"88429f6\" data-element_type=\"widget\" data-e-type=\"widget\" data-widget_type=\"spacer.default\">\n\t\t\t\t<div class=\"elementor-widget-container\">\n\t\t\t\t\t\t\t<div class=\"elementor-spacer\">\n\t\t\t<div class=\"elementor-spacer-inner\"><\/div>\n\t\t<\/div>\n\t\t\t\t\t\t<\/div>\n\t\t\t\t<\/div>\n\t\t\t\t<div class=\"elementor-element elementor-element-4f2e2ae premium-blog-align-left jltma-glass-effect-no elementor-widget elementor-widget-premium-addon-blog\" data-id=\"4f2e2ae\" data-element_type=\"widget\" data-e-type=\"widget\" data-settings=\"{&quot;premium_blog_columns_number&quot;:&quot;33.33%&quot;,&quot;premium_blog_grid&quot;:&quot;yes&quot;,&quot;premium_blog_layout&quot;:&quot;even&quot;,&quot;premium_blog_columns_number_tablet&quot;:&quot;50%&quot;,&quot;premium_blog_columns_number_mobile&quot;:&quot;100%&quot;,&quot;scroll_to_offset&quot;:&quot;yes&quot;}\" data-widget_type=\"premium-addon-blog.default\">\n\t\t\t\t<div class=\"elementor-widget-container\">\n\t\t\t\t\t\n\t\t\n\n\t\t\t\t<div class=\"premium-blog-wrap  premium-blog-even\" data-page=\"3033\">\n\t\t\t\t\t\t\t\t\t<div class=\"premium-blog-post-outer-container\" data-total=\"1\">\n\t\t\t<div class=\"premium-blog-post-container premium-blog-skin-classic\">\n\t\t\t\t\t\t\t\t\t<div class=\"premium-blog-thumb-effect-wrapper\">\n\t\t\t\t\t\t<div class=\"premium-blog-thumbnail-container premium-blog-zoomin-effect\">\n\t\t\t\t\t\t\t<img fetchpriority=\"high\" decoding=\"async\" width=\"1066\" height=\"1600\" src=\"https:\/\/upeventi.com\/wordpress\/wp-content\/uploads\/2025\/10\/IMG_5609-2.jpg\" class=\"attachment-full size-full wp-image-2265\" alt=\"\" srcset=\"https:\/\/upeventi.com\/wordpress\/wp-content\/uploads\/2025\/10\/IMG_5609-2.jpg 1066w, https:\/\/upeventi.com\/wordpress\/wp-content\/uploads\/2025\/10\/IMG_5609-2-200x300.jpg 200w, https:\/\/upeventi.com\/wordpress\/wp-content\/uploads\/2025\/10\/IMG_5609-2-682x1024.jpg 682w, https:\/\/upeventi.com\/wordpress\/wp-content\/uploads\/2025\/10\/IMG_5609-2-768x1153.jpg 768w, https:\/\/upeventi.com\/wordpress\/wp-content\/uploads\/2025\/10\/IMG_5609-2-1023x1536.jpg 1023w\" sizes=\"(max-width: 1066px) 100vw, 1066px\" \/>\t\t\t\t\t\t<\/div>\n\t\t\t\t\t\t\t\t\t\t\t\t\t<div class=\"premium-blog-thumbnail-overlay\">\n\t\t\t\t\t\t\t\t<a class=\"elementor-icon\" href=\"https:\/\/upeventi.com\/en\/how-to-choose-the-perfect-artistic-performance-for-your-event\/\" target=\"_blank\"><\/a>\n\t\t\t\t\t\t\t<\/div>\n\n\t\t\t\t\t\t\t\t\t\t\t\t\t\t\t\t\t\t<\/div>\n\t\t\t\t\t\t\t\t\t\t\t\t<div class=\"premium-blog-content-wrapper \">\n\n\t\t\t\t\t<div class=\"premium-blog-inner-container\">\n\n\t\t\t\t\t\t\t\t\t\t\t\t\t\t<h2 class=\"premium-blog-entry-title\">\n\t\t\t<a href=\"https:\/\/upeventi.com\/en\/how-to-choose-the-perfect-artistic-performance-for-your-event\/\" target=\"_blank\">\n\t\t\t\tHow to Choose the Perfect Artistic Performance for your Event\t\t\t<\/a>\n\t\t<\/h2>\n\t\t\t\t<div class=\"premium-blog-entry-meta\">\n\t\t\t\n\t\t\t\t\t\t\t<span class=\"premium-blog-meta-separator\">\u2022<\/span>\n\t\t\t\t<div class=\"premium-blog-post-time premium-blog-meta-data\">\n\t\t\t\t\t<i class=\"fa fa-calendar-alt\" aria-hidden=\"true\"><\/i>\n\t\t\t\t\t<span>October 22, 2025<\/span>\n\t\t\t\t<\/div>\n\t\t\t\n\t\t\t\t\t\t\t<span class=\"premium-blog-meta-separator\">\u2022<\/span>\n\t\t\t\t<div class=\"premium-blog-post-categories premium-blog-meta-data\">\n\t\t\t\t\t<i class=\"fa fa-align-left fa-fw\" aria-hidden=\"true\"><\/i>\n\t\t\t\t\t<a href=\"https:\/\/upeventi.com\/en\/category\/artists-and-emotions\/\" rel=\"category tag\">Artists and Emotions<\/a>\t\t\t\t<\/div>\n\t\t\t\n\t\t\t\t\t<\/div>\n\t\t\n\t\t\t\t\t<\/div>\n\n\t\t\t\t\t\t\t<div class=\"premium-blog-content-inner-wrapper\">\n\t\t<p class=\"premium-blog-post-content\">Every event tells a story, and artistic performances are what give it emotion, energy, and personality.Whether it&#8217;s a wedding, christening, corporate party, \u2026<\/p>\t\t<\/div>\n\t\t\t\t\t\t\t\n\t\t\t\t<\/div>\n\t\t\t<\/div>\n\t\t<\/div>\n\n\t\t\t\t<div class=\"premium-blog-post-outer-container\" data-total=\"1\">\n\t\t\t<div class=\"premium-blog-post-container premium-blog-skin-classic\">\n\t\t\t\t\t\t\t\t\t\t\t\t<div class=\"premium-blog-content-wrapper empty-thumb\">\n\n\t\t\t\t\t<div class=\"premium-blog-inner-container\">\n\n\t\t\t\t\t\t\t\t\t\t\t\t\t\t<h2 class=\"premium-blog-entry-title\">\n\t\t\t<a href=\"https:\/\/upeventi.com\/en\/the-future-of-weddings-is-bold-intimate-and-unforgettable-heres-whats-defining-2026-2\/\" target=\"_blank\">\n\t\t\t\tThe future of weddings is bold, intimate, and unforgettable \u2014 here\u2019s what\u2019s defining 2026.\t\t\t<\/a>\n\t\t<\/h2>\n\t\t\t\t<div class=\"premium-blog-entry-meta\">\n\t\t\t\n\t\t\t\t\t\t\t<span class=\"premium-blog-meta-separator\">\u2022<\/span>\n\t\t\t\t<div class=\"premium-blog-post-time premium-blog-meta-data\">\n\t\t\t\t\t<i class=\"fa fa-calendar-alt\" aria-hidden=\"true\"><\/i>\n\t\t\t\t\t<span>October 7, 2025<\/span>\n\t\t\t\t<\/div>\n\t\t\t\n\t\t\t\t\t\t\t<span class=\"premium-blog-meta-separator\">\u2022<\/span>\n\t\t\t\t<div class=\"premium-blog-post-categories premium-blog-meta-data\">\n\t\t\t\t\t<i class=\"fa fa-align-left fa-fw\" aria-hidden=\"true\"><\/i>\n\t\t\t\t\t<a href=\"https:\/\/upeventi.com\/en\/category\/artists-and-emotions\/\" rel=\"category tag\">Artists and Emotions<\/a>\t\t\t\t<\/div>\n\t\t\t\n\t\t\t\t\t<\/div>\n\t\t\n\t\t\t\t\t<\/div>\n\n\t\t\t\t\t\t\t<div class=\"premium-blog-content-inner-wrapper\">\n\t\t<p class=\"premium-blog-post-content\">Before the Trends The year 2026 completely redefines the concept of a wedding \u2014 a combination of intimacy, personal expression, and memorable \u2026<\/p>\t\t<\/div>\n\t\t\t\t\t\t\t\n\t\t\t\t<\/div>\n\t\t\t<\/div>\n\t\t<\/div>\n\n\t\t\t\t\t\t\t<\/div>\n\n\t\t\n\t\t\n\t\t\t\t\t\t<\/div>\n\t\t\t\t<\/div>\n\t\t\t\t\t<\/div>\n\t\t\t\t<\/div>\n\t\t\t\t<\/div>\n\t\t\n    <div class=\"xs_social_share_widget xs_share_url after_content \t\tmain_content  wslu-style-1 wslu-share-box-shaped wslu-fill-colored wslu-none wslu-share-horizontal wslu-theme-font-no wslu-main_content\">\n\n\t\t\n        <ul>\n\t\t\t        <\/ul>\n    <\/div> \n","protected":false},"excerpt":{"rendered":"<p>Mixologist experience: detaliul care schimb\u0103 dinamica unui eveniment \u2022 aprilie 7, 2026 \u2022 Artisti si Emotii Exist\u0103 elemente \u00eentr-un eveniment care \u021bin de organizare \u0219i exist\u0103 elemente care influen\u021beaz\u0103 direct atmosfera. Mixologist experience face parte din a doua \u2026 Live painting la evenimente: c\u00e2nd un moment cap\u0103t\u0103 o alt\u0103 form\u0103 de memorie \u2022 aprilie 7, 2026 \u2022 Artisti si Emotii Exist\u0103 evenimente care sunt construite pentru a fi v\u0103zute.\u0218i exist\u0103 evenimente care sunt construite pentru a fi tr\u0103ite. Diferen\u021ba nu este \u00eentotdeauna \u2026 Arti\u0219tii cu foc: momentul care schimb\u0103 complet ritmul unui eveniment \u2022 aprilie 1, 2026 \u2022 Artisti si Emotii Exist\u0103 un tip de reac\u021bie pe care nu \u00eel po\u021bi controla \u00eentr-un eveniment. Apare instant, f\u0103r\u0103 explica\u021bii. Conversa\u021biile se opresc, privirile se \u2026 Arti\u0219ti pe picioroange (stilt walkers): prezen\u021ba care schimb\u0103 instant energia unui eveniment \u2022 martie 31, 2026 \u2022 Artisti si Emotii Exist\u0103 momente \u00eentr-un eveniment \u00een care totul se opre\u0219te pentru c\u00e2teva secunde. Nu pentru c\u0103 este un moment programat ca \u201ehighlight\u201d, ci \u2026 Arti\u0219tii invizibili: acei furnizori care influen\u021beaz\u0103 emo\u021bia f\u0103r\u0103 s\u0103 fie \u00een centrul aten\u021biei \u2022 martie 31, 2026 \u2022 Artisti si Emotii \u00cen orice eveniment memorabil exist\u0103 un paradox: cele mai puternice emo\u021bii nu vin \u00eentotdeauna de la ceea ce se vede, ci de \u2026 Cum sim\u021bi dac\u0103 un artist este \u201epotrivit\u201d pentru un eveniment \u00eenainte s\u0103-l vezi live \u2022 martie 31, 2026 \u2022 Artisti si Emotii Alegerea unui artist nu este, de fapt, o decizie ra\u021bional\u0103. Nu \u021bine doar de portofoliu, popularitate sau recomand\u0103ri. \u021aine de ceva mult \u2026 1 2 3 Next \u00bb<\/p>\n","protected":false},"author":1,"featured_media":0,"parent":0,"menu_order":0,"comment_status":"closed","ping_status":"closed","template":"elementor_header_footer","meta":{"postBodyCss":"","postBodyMargin":[],"postBodyPadding":[],"postBodyBackground":{"backgroundType":"classic","gradient":""},"site-sidebar-layout":"no-sidebar","site-content-layout":"","ast-site-content-layout":"full-width-container","site-content-style":"default","site-sidebar-style":"default","ast-global-header-display":"","ast-banner-title-visibility":"","ast-main-header-display":"","ast-hfb-above-header-display":"","ast-hfb-below-header-display":"","ast-hfb-mobile-header-display":"","site-post-title":"","ast-breadcrumbs-content":"","ast-featured-img":"disabled","footer-sml-layout":"","ast-disable-related-posts":"","theme-transparent-header-meta":"","adv-header-id-meta":"","stick-header-meta":"","header-above-stick-meta":"","header-main-stick-meta":"","header-below-stick-meta":"","astra-migrate-meta-layouts":"default","ast-page-background-enabled":"default","ast-page-background-meta":{"desktop":{"background-color":"var(--ast-global-color-5)","background-image":"","background-repeat":"repeat","background-position":"center center","background-size":"auto","background-attachment":"scroll","background-type":"","background-media":"","overlay-type":"","overlay-color":"","overlay-opacity":"","overlay-gradient":""},"tablet":{"background-color":"","background-image":"","background-repeat":"repeat","background-position":"center center","background-size":"auto","background-attachment":"scroll","background-type":"","background-media":"","overlay-type":"","overlay-color":"","overlay-opacity":"","overlay-gradient":""},"mobile":{"background-color":"","background-image":"","background-repeat":"repeat","background-position":"center center","background-size":"auto","background-attachment":"scroll","background-type":"","background-media":"","overlay-type":"","overlay-color":"","overlay-opacity":"","overlay-gradient":""}},"ast-content-background-meta":{"desktop":{"background-color":"var(--ast-global-color-4)","background-image":"","background-repeat":"repeat","background-position":"center center","background-size":"auto","background-attachment":"scroll","background-type":"","background-media":"","overlay-type":"","overlay-color":"","overlay-opacity":"","overlay-gradient":""},"tablet":{"background-color":"var(--ast-global-color-4)","background-image":"","background-repeat":"repeat","background-position":"center center","background-size":"auto","background-attachment":"scroll","background-type":"","background-media":"","overlay-type":"","overlay-color":"","overlay-opacity":"","overlay-gradient":""},"mobile":{"background-color":"var(--ast-global-color-4)","background-image":"","background-repeat":"repeat","background-position":"center center","background-size":"auto","background-attachment":"scroll","background-type":"","background-media":"","overlay-type":"","overlay-color":"","overlay-opacity":"","overlay-gradient":""}},"footnotes":""},"class_list":["post-3033","page","type-page","status-publish","hentry"],"yoast_head":"<!-- This site is optimized with the Yoast SEO plugin v27.3 - https:\/\/yoast.com\/product\/yoast-seo-wordpress\/ -->\n<title>Artists and Emotions - UpEventi<\/title>\n<meta name=\"robots\" content=\"index, follow, max-snippet:-1, max-image-preview:large, max-video-preview:-1\" \/>\n<link rel=\"canonical\" href=\"https:\/\/upeventi.com\/en\/artists-and-emotions\/\" \/>\n<meta property=\"og:locale\" content=\"en_US\" \/>\n<meta property=\"og:type\" content=\"article\" \/>\n<meta property=\"og:title\" content=\"Artists and Emotions - UpEventi\" \/>\n<meta property=\"og:description\" content=\"Mixologist experience: detaliul care schimb\u0103 dinamica unui eveniment \u2022 aprilie 7, 2026 \u2022 Artisti si Emotii Exist\u0103 elemente \u00eentr-un eveniment care \u021bin de organizare \u0219i exist\u0103 elemente care influen\u021beaz\u0103 direct atmosfera. Mixologist experience face parte din a doua \u2026 Live painting la evenimente: c\u00e2nd un moment cap\u0103t\u0103 o alt\u0103 form\u0103 de memorie \u2022 aprilie 7, 2026 \u2022 Artisti si Emotii Exist\u0103 evenimente care sunt construite pentru a fi v\u0103zute.\u0218i exist\u0103 evenimente care sunt construite pentru a fi tr\u0103ite. Diferen\u021ba nu este \u00eentotdeauna \u2026 Arti\u0219tii cu foc: momentul care schimb\u0103 complet ritmul unui eveniment \u2022 aprilie 1, 2026 \u2022 Artisti si Emotii Exist\u0103 un tip de reac\u021bie pe care nu \u00eel po\u021bi controla \u00eentr-un eveniment. Apare instant, f\u0103r\u0103 explica\u021bii. Conversa\u021biile se opresc, privirile se \u2026 Arti\u0219ti pe picioroange (stilt walkers): prezen\u021ba care schimb\u0103 instant energia unui eveniment \u2022 martie 31, 2026 \u2022 Artisti si Emotii Exist\u0103 momente \u00eentr-un eveniment \u00een care totul se opre\u0219te pentru c\u00e2teva secunde. Nu pentru c\u0103 este un moment programat ca \u201ehighlight\u201d, ci \u2026 Arti\u0219tii invizibili: acei furnizori care influen\u021beaz\u0103 emo\u021bia f\u0103r\u0103 s\u0103 fie \u00een centrul aten\u021biei \u2022 martie 31, 2026 \u2022 Artisti si Emotii \u00cen orice eveniment memorabil exist\u0103 un paradox: cele mai puternice emo\u021bii nu vin \u00eentotdeauna de la ceea ce se vede, ci de \u2026 Cum sim\u021bi dac\u0103 un artist este \u201epotrivit\u201d pentru un eveniment \u00eenainte s\u0103-l vezi live \u2022 martie 31, 2026 \u2022 Artisti si Emotii Alegerea unui artist nu este, de fapt, o decizie ra\u021bional\u0103. Nu \u021bine doar de portofoliu, popularitate sau recomand\u0103ri. \u021aine de ceva mult \u2026 1 2 3 Next \u00bb\" \/>\n<meta property=\"og:url\" content=\"https:\/\/upeventi.com\/en\/artists-and-emotions\/\" \/>\n<meta property=\"og:site_name\" content=\"UpEventi\" \/>\n<meta property=\"article:modified_time\" content=\"2026-04-08T13:41:21+00:00\" \/>\n<meta property=\"og:image\" content=\"https:\/\/upeventi.com\/wordpress\/wp-content\/uploads\/2026\/04\/IMG_3565-2.jpg\" \/>\n<meta name=\"twitter:card\" content=\"summary_large_image\" \/>\n<meta name=\"twitter:label1\" content=\"Est. reading time\" \/>\n\t<meta name=\"twitter:data1\" content=\"3 minutes\" \/>\n<script type=\"application\/ld+json\" class=\"yoast-schema-graph\">{\"@context\":\"https:\\\/\\\/schema.org\",\"@graph\":[{\"@type\":\"WebPage\",\"@id\":\"https:\\\/\\\/upeventi.com\\\/en\\\/artists-and-emotions\\\/\",\"url\":\"https:\\\/\\\/upeventi.com\\\/en\\\/artists-and-emotions\\\/\",\"name\":\"Artists and Emotions - UpEventi\",\"isPartOf\":{\"@id\":\"https:\\\/\\\/upeventi.com\\\/en\\\/#website\"},\"primaryImageOfPage\":{\"@id\":\"https:\\\/\\\/upeventi.com\\\/en\\\/artists-and-emotions\\\/#primaryimage\"},\"image\":{\"@id\":\"https:\\\/\\\/upeventi.com\\\/en\\\/artists-and-emotions\\\/#primaryimage\"},\"thumbnailUrl\":\"https:\\\/\\\/upeventi.com\\\/wordpress\\\/wp-content\\\/uploads\\\/2026\\\/04\\\/IMG_3565-2.jpg\",\"datePublished\":\"2025-11-19T06:10:57+00:00\",\"dateModified\":\"2026-04-08T13:41:21+00:00\",\"breadcrumb\":{\"@id\":\"https:\\\/\\\/upeventi.com\\\/en\\\/artists-and-emotions\\\/#breadcrumb\"},\"inLanguage\":\"en-US\",\"potentialAction\":[{\"@type\":\"ReadAction\",\"target\":[\"https:\\\/\\\/upeventi.com\\\/en\\\/artists-and-emotions\\\/\"]}]},{\"@type\":\"ImageObject\",\"inLanguage\":\"en-US\",\"@id\":\"https:\\\/\\\/upeventi.com\\\/en\\\/artists-and-emotions\\\/#primaryimage\",\"url\":\"https:\\\/\\\/upeventi.com\\\/wordpress\\\/wp-content\\\/uploads\\\/2026\\\/04\\\/IMG_3565-2.jpg\",\"contentUrl\":\"https:\\\/\\\/upeventi.com\\\/wordpress\\\/wp-content\\\/uploads\\\/2026\\\/04\\\/IMG_3565-2.jpg\"},{\"@type\":\"BreadcrumbList\",\"@id\":\"https:\\\/\\\/upeventi.com\\\/en\\\/artists-and-emotions\\\/#breadcrumb\",\"itemListElement\":[{\"@type\":\"ListItem\",\"position\":1,\"name\":\"Home\",\"item\":\"https:\\\/\\\/upeventi.com\\\/en\\\/\"},{\"@type\":\"ListItem\",\"position\":2,\"name\":\"Artists and Emotions\"}]},{\"@type\":\"WebSite\",\"@id\":\"https:\\\/\\\/upeventi.com\\\/en\\\/#website\",\"url\":\"https:\\\/\\\/upeventi.com\\\/en\\\/\",\"name\":\"UpEventi\",\"description\":\"\",\"publisher\":{\"@id\":\"https:\\\/\\\/upeventi.com\\\/en\\\/#organization\"},\"potentialAction\":[{\"@type\":\"SearchAction\",\"target\":{\"@type\":\"EntryPoint\",\"urlTemplate\":\"https:\\\/\\\/upeventi.com\\\/en\\\/?s={search_term_string}\"},\"query-input\":{\"@type\":\"PropertyValueSpecification\",\"valueRequired\":true,\"valueName\":\"search_term_string\"}}],\"inLanguage\":\"en-US\"},{\"@type\":\"Organization\",\"@id\":\"https:\\\/\\\/upeventi.com\\\/en\\\/#organization\",\"name\":\"UpEventi\",\"url\":\"https:\\\/\\\/upeventi.com\\\/en\\\/\",\"logo\":{\"@type\":\"ImageObject\",\"inLanguage\":\"en-US\",\"@id\":\"https:\\\/\\\/upeventi.com\\\/en\\\/#\\\/schema\\\/logo\\\/image\\\/\",\"url\":\"https:\\\/\\\/upeventi.com\\\/wordpress\\\/wp-content\\\/uploads\\\/2025\\\/09\\\/Logo-upeventi-e1757942246156.png\",\"contentUrl\":\"https:\\\/\\\/upeventi.com\\\/wordpress\\\/wp-content\\\/uploads\\\/2025\\\/09\\\/Logo-upeventi-e1757942246156.png\",\"width\":519,\"height\":194,\"caption\":\"UpEventi\"},\"image\":{\"@id\":\"https:\\\/\\\/upeventi.com\\\/en\\\/#\\\/schema\\\/logo\\\/image\\\/\"},\"sameAs\":[\"https:\\\/\\\/www.instagram.com\\\/up_eventi_\",\"https:\\\/\\\/www.tiktok.com\\\/@up.eventi_\"]}]}<\/script>\n<!-- \/ Yoast SEO plugin. -->","yoast_head_json":{"title":"Artists and Emotions - UpEventi","robots":{"index":"index","follow":"follow","max-snippet":"max-snippet:-1","max-image-preview":"max-image-preview:large","max-video-preview":"max-video-preview:-1"},"canonical":"https:\/\/upeventi.com\/en\/artists-and-emotions\/","og_locale":"en_US","og_type":"article","og_title":"Artists and Emotions - UpEventi","og_description":"Mixologist experience: detaliul care schimb\u0103 dinamica unui eveniment \u2022 aprilie 7, 2026 \u2022 Artisti si Emotii Exist\u0103 elemente \u00eentr-un eveniment care \u021bin de organizare \u0219i exist\u0103 elemente care influen\u021beaz\u0103 direct atmosfera. Mixologist experience face parte din a doua \u2026 Live painting la evenimente: c\u00e2nd un moment cap\u0103t\u0103 o alt\u0103 form\u0103 de memorie \u2022 aprilie 7, 2026 \u2022 Artisti si Emotii Exist\u0103 evenimente care sunt construite pentru a fi v\u0103zute.\u0218i exist\u0103 evenimente care sunt construite pentru a fi tr\u0103ite. Diferen\u021ba nu este \u00eentotdeauna \u2026 Arti\u0219tii cu foc: momentul care schimb\u0103 complet ritmul unui eveniment \u2022 aprilie 1, 2026 \u2022 Artisti si Emotii Exist\u0103 un tip de reac\u021bie pe care nu \u00eel po\u021bi controla \u00eentr-un eveniment. Apare instant, f\u0103r\u0103 explica\u021bii. Conversa\u021biile se opresc, privirile se \u2026 Arti\u0219ti pe picioroange (stilt walkers): prezen\u021ba care schimb\u0103 instant energia unui eveniment \u2022 martie 31, 2026 \u2022 Artisti si Emotii Exist\u0103 momente \u00eentr-un eveniment \u00een care totul se opre\u0219te pentru c\u00e2teva secunde. Nu pentru c\u0103 este un moment programat ca \u201ehighlight\u201d, ci \u2026 Arti\u0219tii invizibili: acei furnizori care influen\u021beaz\u0103 emo\u021bia f\u0103r\u0103 s\u0103 fie \u00een centrul aten\u021biei \u2022 martie 31, 2026 \u2022 Artisti si Emotii \u00cen orice eveniment memorabil exist\u0103 un paradox: cele mai puternice emo\u021bii nu vin \u00eentotdeauna de la ceea ce se vede, ci de \u2026 Cum sim\u021bi dac\u0103 un artist este \u201epotrivit\u201d pentru un eveniment \u00eenainte s\u0103-l vezi live \u2022 martie 31, 2026 \u2022 Artisti si Emotii Alegerea unui artist nu este, de fapt, o decizie ra\u021bional\u0103. Nu \u021bine doar de portofoliu, popularitate sau recomand\u0103ri. \u021aine de ceva mult \u2026 1 2 3 Next \u00bb","og_url":"https:\/\/upeventi.com\/en\/artists-and-emotions\/","og_site_name":"UpEventi","article_modified_time":"2026-04-08T13:41:21+00:00","og_image":[{"url":"https:\/\/upeventi.com\/wordpress\/wp-content\/uploads\/2026\/04\/IMG_3565-2.jpg","type":"","width":"","height":""}],"twitter_card":"summary_large_image","twitter_misc":{"Est. reading time":"3 minutes"},"schema":{"@context":"https:\/\/schema.org","@graph":[{"@type":"WebPage","@id":"https:\/\/upeventi.com\/en\/artists-and-emotions\/","url":"https:\/\/upeventi.com\/en\/artists-and-emotions\/","name":"Artists and Emotions - UpEventi","isPartOf":{"@id":"https:\/\/upeventi.com\/en\/#website"},"primaryImageOfPage":{"@id":"https:\/\/upeventi.com\/en\/artists-and-emotions\/#primaryimage"},"image":{"@id":"https:\/\/upeventi.com\/en\/artists-and-emotions\/#primaryimage"},"thumbnailUrl":"https:\/\/upeventi.com\/wordpress\/wp-content\/uploads\/2026\/04\/IMG_3565-2.jpg","datePublished":"2025-11-19T06:10:57+00:00","dateModified":"2026-04-08T13:41:21+00:00","breadcrumb":{"@id":"https:\/\/upeventi.com\/en\/artists-and-emotions\/#breadcrumb"},"inLanguage":"en-US","potentialAction":[{"@type":"ReadAction","target":["https:\/\/upeventi.com\/en\/artists-and-emotions\/"]}]},{"@type":"ImageObject","inLanguage":"en-US","@id":"https:\/\/upeventi.com\/en\/artists-and-emotions\/#primaryimage","url":"https:\/\/upeventi.com\/wordpress\/wp-content\/uploads\/2026\/04\/IMG_3565-2.jpg","contentUrl":"https:\/\/upeventi.com\/wordpress\/wp-content\/uploads\/2026\/04\/IMG_3565-2.jpg"},{"@type":"BreadcrumbList","@id":"https:\/\/upeventi.com\/en\/artists-and-emotions\/#breadcrumb","itemListElement":[{"@type":"ListItem","position":1,"name":"Home","item":"https:\/\/upeventi.com\/en\/"},{"@type":"ListItem","position":2,"name":"Artists and Emotions"}]},{"@type":"WebSite","@id":"https:\/\/upeventi.com\/en\/#website","url":"https:\/\/upeventi.com\/en\/","name":"UpEventi","description":"","publisher":{"@id":"https:\/\/upeventi.com\/en\/#organization"},"potentialAction":[{"@type":"SearchAction","target":{"@type":"EntryPoint","urlTemplate":"https:\/\/upeventi.com\/en\/?s={search_term_string}"},"query-input":{"@type":"PropertyValueSpecification","valueRequired":true,"valueName":"search_term_string"}}],"inLanguage":"en-US"},{"@type":"Organization","@id":"https:\/\/upeventi.com\/en\/#organization","name":"UpEventi","url":"https:\/\/upeventi.com\/en\/","logo":{"@type":"ImageObject","inLanguage":"en-US","@id":"https:\/\/upeventi.com\/en\/#\/schema\/logo\/image\/","url":"https:\/\/upeventi.com\/wordpress\/wp-content\/uploads\/2025\/09\/Logo-upeventi-e1757942246156.png","contentUrl":"https:\/\/upeventi.com\/wordpress\/wp-content\/uploads\/2025\/09\/Logo-upeventi-e1757942246156.png","width":519,"height":194,"caption":"UpEventi"},"image":{"@id":"https:\/\/upeventi.com\/en\/#\/schema\/logo\/image\/"},"sameAs":["https:\/\/www.instagram.com\/up_eventi_","https:\/\/www.tiktok.com\/@up.eventi_"]}]}},"_links":{"self":[{"href":"https:\/\/upeventi.com\/en\/wp-json\/wp\/v2\/pages\/3033","targetHints":{"allow":["GET"]}}],"collection":[{"href":"https:\/\/upeventi.com\/en\/wp-json\/wp\/v2\/pages"}],"about":[{"href":"https:\/\/upeventi.com\/en\/wp-json\/wp\/v2\/types\/page"}],"author":[{"embeddable":true,"href":"https:\/\/upeventi.com\/en\/wp-json\/wp\/v2\/users\/1"}],"replies":[{"embeddable":true,"href":"https:\/\/upeventi.com\/en\/wp-json\/wp\/v2\/comments?post=3033"}],"version-history":[{"count":10,"href":"https:\/\/upeventi.com\/en\/wp-json\/wp\/v2\/pages\/3033\/revisions"}],"predecessor-version":[{"id":5153,"href":"https:\/\/upeventi.com\/en\/wp-json\/wp\/v2\/pages\/3033\/revisions\/5153"}],"wp:attachment":[{"href":"https:\/\/upeventi.com\/en\/wp-json\/wp\/v2\/media?parent=3033"}],"curies":[{"name":"wp","href":"https:\/\/api.w.org\/{rel}","templated":true}]}}